{"id":24,"date":"2024-10-10T00:29:52","date_gmt":"2024-10-10T00:29:52","guid":{"rendered":"https:\/\/sonoar.com\/blog\/?page_id=24"},"modified":"2024-10-31T14:36:35","modified_gmt":"2024-10-31T14:36:35","slug":"blog","status":"publish","type":"page","link":"https:\/\/sonoar.com\/blog\/","title":{"rendered":"Blog &#8211; Sonoar"},"content":{"rendered":"\t\t<div data-elementor-type=\"wp-page\" data-elementor-id=\"24\" class=\"elementor elementor-24\" data-elementor-post-type=\"page\">\n\t\t\t\t<div class=\"elementor-element elementor-element-816c04f e-flex e-con-boxed e-con e-parent\" data-id=\"816c04f\" data-element_type=\"container\" data-settings=\"{&quot;background_background&quot;:&quot;classic&quot;}\">\n\t\t\t\t\t<div class=\"e-con-inner\">\n\t\t<div class=\"elementor-element elementor-element-8d7a89b e-con-full e-flex e-con e-child\" data-id=\"8d7a89b\" data-element_type=\"container\" data-settings=\"{&quot;background_background&quot;:&quot;classic&quot;}\">\n\t\t<div class=\"elementor-element elementor-element-35bc927 e-con-full e-flex e-con e-child\" data-id=\"35bc927\" data-element_type=\"container\">\n\t\t<div class=\"elementor-element elementor-element-be7c420 e-con-full e-flex e-con e-child\" data-id=\"be7c420\" data-element_type=\"container\">\n\t\t\t\t<div class=\"elementor-element elementor-element-14aced3 elementor-invisible elementor-widget elementor-widget-heading\" data-id=\"14aced3\" data-element_type=\"widget\" data-settings=\"{&quot;_animation&quot;:&quot;fadeInDown&quot;,&quot;_animation_delay&quot;:500}\" data-widget_type=\"heading.default\">\n\t\t\t\t<div class=\"elementor-widget-container\">\n\t\t\t<style>\/*! elementor - v3.23.0 - 15-07-2024 *\/\n.elementor-heading-title{padding:0;margin:0;line-height:1}.elementor-widget-heading .elementor-heading-title[class*=elementor-size-]>a{color:inherit;font-size:inherit;line-height:inherit}.elementor-widget-heading .elementor-heading-title.elementor-size-small{font-size:15px}.elementor-widget-heading .elementor-heading-title.elementor-size-medium{font-size:19px}.elementor-widget-heading .elementor-heading-title.elementor-size-large{font-size:29px}.elementor-widget-heading .elementor-heading-title.elementor-size-xl{font-size:39px}.elementor-widget-heading .elementor-heading-title.elementor-size-xxl{font-size:59px}<\/style><h1 class=\"elementor-heading-title elementor-size-default\">SonoAr: Blog<\/h1>\t\t<\/div>\n\t\t\t\t<\/div>\n\t\t\t\t<div class=\"elementor-element elementor-element-1c098d6 elementor-invisible elementor-widget elementor-widget-text-editor\" data-id=\"1c098d6\" data-element_type=\"widget\" data-settings=\"{&quot;_animation&quot;:&quot;fadeInDown&quot;,&quot;_animation_delay&quot;:900}\" data-widget_type=\"text-editor.default\">\n\t\t\t\t<div class=\"elementor-widget-container\">\n\t\t\t<style>\/*! elementor - v3.23.0 - 15-07-2024 *\/\n.elementor-widget-text-editor.elementor-drop-cap-view-stacked .elementor-drop-cap{background-color:#69727d;color:#fff}.elementor-widget-text-editor.elementor-drop-cap-view-framed .elementor-drop-cap{color:#69727d;border:3px solid;background-color:transparent}.elementor-widget-text-editor:not(.elementor-drop-cap-view-default) .elementor-drop-cap{margin-top:8px}.elementor-widget-text-editor:not(.elementor-drop-cap-view-default) .elementor-drop-cap-letter{width:1em;height:1em}.elementor-widget-text-editor .elementor-drop-cap{float:left;text-align:center;line-height:1;font-size:50px}.elementor-widget-text-editor .elementor-drop-cap-letter{display:inline-block}<\/style>\t\t\t\t<p>Dicas, novidades e solu\u00e7\u00f5es pr\u00e1ticas sobre <strong>climatiza\u00e7\u00e3o, aquecimento, bombas pressurizadoras e mais!<\/strong><\/p>\t\t\t\t\t\t<\/div>\n\t\t\t\t<\/div>\n\t\t\t\t<\/div>\n\t\t<div class=\"elementor-element elementor-element-d86e1ba e-con-full e-flex e-con e-child\" data-id=\"d86e1ba\" data-element_type=\"container\">\n\t\t\t\t<\/div>\n\t\t\t\t<\/div>\n\t\t\t\t<\/div>\n\t\t\t\t\t<\/div>\n\t\t\t\t<\/div>\n\t\t<div class=\"elementor-element elementor-element-68204d5 e-flex e-con-boxed e-con e-parent\" data-id=\"68204d5\" data-element_type=\"container\">\n\t\t\t\t\t<div class=\"e-con-inner\">\n\t\t<div class=\"elementor-element elementor-element-9e11305 e-con-full e-flex e-con e-child\" data-id=\"9e11305\" data-element_type=\"container\">\n\t\t\t\t<div class=\"elementor-element elementor-element-fb1cb64 elementor-grid-3 elementor-grid-tablet-2 elementor-grid-mobile-1 elementor-posts--thumbnail-top elementor-widget elementor-widget-posts\" data-id=\"fb1cb64\" data-element_type=\"widget\" data-settings=\"{&quot;classic_columns&quot;:&quot;3&quot;,&quot;classic_columns_tablet&quot;:&quot;2&quot;,&quot;classic_columns_mobile&quot;:&quot;1&quot;,&quot;classic_row_gap&quot;:{&quot;unit&quot;:&quot;px&quot;,&quot;size&quot;:35,&quot;sizes&quot;:[]},&quot;classic_row_gap_tablet&quot;:{&quot;unit&quot;:&quot;px&quot;,&quot;size&quot;:&quot;&quot;,&quot;sizes&quot;:[]},&quot;classic_row_gap_mobile&quot;:{&quot;unit&quot;:&quot;px&quot;,&quot;size&quot;:&quot;&quot;,&quot;sizes&quot;:[]}}\" data-widget_type=\"posts.classic\">\n\t\t\t\t<div class=\"elementor-widget-container\">\n\t\t\t<link rel=\"stylesheet\" href=\"https:\/\/sonoar.com\/blog\/wp-content\/plugins\/elementor-pro\/assets\/css\/widget-posts.min.css?ver=1728508925\">\t\t<div class=\"elementor-posts-container elementor-posts elementor-posts--skin-classic elementor-grid\">\n\t\t\t\t<article class=\"elementor-post elementor-grid-item post-59 post type-post status-publish format-standard has-post-thumbnail hentry category-ar-condicionado tag-ar-condicionado\">\n\t\t\t\t<a class=\"elementor-post__thumbnail__link\" href=\"https:\/\/sonoar.com\/blog\/manutencao-preventiva-de-ar-condicionado\/\" tabindex=\"-1\" >\n\t\t\t<div class=\"elementor-post__thumbnail\"><img fetchpriority=\"high\" decoding=\"async\" width=\"300\" height=\"169\" src=\"https:\/\/sonoar.com\/blog\/wp-content\/uploads\/2024\/10\/manutencao-de-ar-300x169.png\" class=\"attachment-medium size-medium wp-image-61\" alt=\"Manuten\u00e7\u00e3o de ar-condicionado em Blumenau\" srcset=\"https:\/\/sonoar.com\/blog\/wp-content\/uploads\/2024\/10\/manutencao-de-ar-300x169.png 300w, https:\/\/sonoar.com\/blog\/wp-content\/uploads\/2024\/10\/manutencao-de-ar-1024x576.png 1024w, https:\/\/sonoar.com\/blog\/wp-content\/uploads\/2024\/10\/manutencao-de-ar-768x432.png 768w, https:\/\/sonoar.com\/blog\/wp-content\/uploads\/2024\/10\/manutencao-de-ar.png 1200w\" sizes=\"(max-width: 300px) 100vw, 300px\" \/><\/div>\n\t\t<\/a>\n\t\t\t\t<div class=\"elementor-post__text\">\n\t\t\t\t<h3 class=\"elementor-post__title\">\n\t\t\t<a href=\"https:\/\/sonoar.com\/blog\/manutencao-preventiva-de-ar-condicionado\/\" >\n\t\t\t\tManuten\u00e7\u00e3o Preventiva de Ar-Condicionado Residencial: Por Que \u00e9 Importante?\t\t\t<\/a>\n\t\t<\/h3>\n\t\t\t\t<div class=\"elementor-post__excerpt\">\n\t\t\t<p>Ter um sistema de ar-condicionado residencial eficiente e bem cuidado \u00e9 essencial para manter o conforto e a qualidade do ar dentro de casa. No<\/p>\n\t\t<\/div>\n\t\t\n\t\t<a class=\"elementor-post__read-more\" href=\"https:\/\/sonoar.com\/blog\/manutencao-preventiva-de-ar-condicionado\/\" aria-label=\"Read more about Manuten\u00e7\u00e3o Preventiva de Ar-Condicionado Residencial: Por Que \u00e9 Importante?\" tabindex=\"-1\" >\n\t\t\tLeia Mais \u00bb\t\t<\/a>\n\n\t\t\t\t<\/div>\n\t\t\t\t<\/article>\n\t\t\t\t<article class=\"elementor-post elementor-grid-item post-54 post type-post status-publish format-standard has-post-thumbnail hentry category-pmoc tag-pmoc\">\n\t\t\t\t<a class=\"elementor-post__thumbnail__link\" href=\"https:\/\/sonoar.com\/blog\/pmoc\/\" tabindex=\"-1\" >\n\t\t\t<div class=\"elementor-post__thumbnail\"><img decoding=\"async\" width=\"300\" height=\"169\" src=\"https:\/\/sonoar.com\/blog\/wp-content\/uploads\/2024\/10\/pmoc-em-blumenau-300x169.png\" class=\"attachment-medium size-medium wp-image-55\" alt=\"PMOC em Blumenau\" srcset=\"https:\/\/sonoar.com\/blog\/wp-content\/uploads\/2024\/10\/pmoc-em-blumenau-300x169.png 300w, https:\/\/sonoar.com\/blog\/wp-content\/uploads\/2024\/10\/pmoc-em-blumenau-1024x576.png 1024w, https:\/\/sonoar.com\/blog\/wp-content\/uploads\/2024\/10\/pmoc-em-blumenau-768x432.png 768w, https:\/\/sonoar.com\/blog\/wp-content\/uploads\/2024\/10\/pmoc-em-blumenau.png 1200w\" sizes=\"(max-width: 300px) 100vw, 300px\" \/><\/div>\n\t\t<\/a>\n\t\t\t\t<div class=\"elementor-post__text\">\n\t\t\t\t<h3 class=\"elementor-post__title\">\n\t\t\t<a href=\"https:\/\/sonoar.com\/blog\/pmoc\/\" >\n\t\t\t\tO Que \u00e9 o PMOC e Por Que Sua Empresa Precisa de Um\t\t\t<\/a>\n\t\t<\/h3>\n\t\t\t\t<div class=\"elementor-post__excerpt\">\n\t\t\t<p>O PMOC (Plano de Manuten\u00e7\u00e3o, Opera\u00e7\u00e3o e Controle) \u00e9 uma exig\u00eancia legal para empresas que possuem sistemas de climatiza\u00e7\u00e3o com capacidade acima de 5 TR<\/p>\n\t\t<\/div>\n\t\t\n\t\t<a class=\"elementor-post__read-more\" href=\"https:\/\/sonoar.com\/blog\/pmoc\/\" aria-label=\"Read more about O Que \u00e9 o PMOC e Por Que Sua Empresa Precisa de Um\" tabindex=\"-1\" >\n\t\t\tLeia Mais \u00bb\t\t<\/a>\n\n\t\t\t\t<\/div>\n\t\t\t\t<\/article>\n\t\t\t\t<\/div>\n\t\t\n\t\t\t\t<\/div>\n\t\t\t\t<\/div>\n\t\t\t\t<\/div>\n\t\t\t\t\t<\/div>\n\t\t\t\t<\/div>\n\t\t<div class=\"elementor-element elementor-element-a2ebb6d e-con-full e-flex e-con e-parent\" data-id=\"a2ebb6d\" data-element_type=\"container\" data-settings=\"{&quot;sticky&quot;:&quot;bottom&quot;,&quot;sticky_on&quot;:[&quot;desktop&quot;,&quot;tablet&quot;,&quot;mobile&quot;],&quot;sticky_offset&quot;:0,&quot;sticky_effects_offset&quot;:0}\">\n\t\t\t\t<div class=\"elementor-element elementor-element-91d4ebb elementor-view-stacked elementor-shape-circle elementor-widget elementor-widget-icon\" data-id=\"91d4ebb\" data-element_type=\"widget\" data-widget_type=\"icon.default\">\n\t\t\t\t<div class=\"elementor-widget-container\">\n\t\t\t\t\t<div class=\"elementor-icon-wrapper\">\n\t\t\t<a class=\"elementor-icon\" href=\"https:\/\/wa.me\/5548999070074\">\n\t\t\t<svg aria-hidden=\"true\" class=\"e-font-icon-svg e-fab-whatsapp\" viewBox=\"0 0 448 512\" xmlns=\"http:\/\/www.w3.org\/2000\/svg\"><path d=\"M380.9 97.1C339 55.1 283.2 32 223.9 32c-122.4 0-222 99.6-222 222 0 39.1 10.2 77.3 29.6 111L0 480l117.7-30.9c32.4 17.7 68.9 27 106.1 27h.1c122.3 0 224.1-99.6 224.1-222 0-59.3-25.2-115-67.1-157zm-157 341.6c-33.2 0-65.7-8.9-94-25.7l-6.7-4-69.8 18.3L72 359.2l-4.4-7c-18.5-29.4-28.2-63.3-28.2-98.2 0-101.7 82.8-184.5 184.6-184.5 49.3 0 95.6 19.2 130.4 54.1 34.8 34.9 56.2 81.2 56.1 130.5 0 101.8-84.9 184.6-186.6 184.6zm101.2-138.2c-5.5-2.8-32.8-16.2-37.9-18-5.1-1.9-8.8-2.8-12.5 2.8-3.7 5.6-14.3 18-17.6 21.8-3.2 3.7-6.5 4.2-12 1.4-32.6-16.3-54-29.1-75.5-66-5.7-9.8 5.7-9.1 16.3-30.3 1.8-3.7.9-6.9-.5-9.7-1.4-2.8-12.5-30.1-17.1-41.2-4.5-10.8-9.1-9.3-12.5-9.5-3.2-.2-6.9-.2-10.6-.2-3.7 0-9.7 1.4-14.8 6.9-5.1 5.6-19.4 19-19.4 46.3 0 27.3 19.9 53.7 22.6 57.4 2.8 3.7 39.1 59.7 94.8 83.8 35.2 15.2 49 16.5 66.6 13.9 10.7-1.6 32.8-13.4 37.4-26.4 4.6-13 4.6-24.1 3.2-26.4-1.3-2.5-5-3.9-10.5-6.6z\"><\/path><\/svg>\t\t\t<\/a>\n\t\t<\/div>\n\t\t\t\t<\/div>\n\t\t\t\t<\/div>\n\t\t\t\t<\/div>\n\t\t\t\t<\/div>\n\t\t","protected":false},"excerpt":{"rendered":"<p>SonoAr: Blog Dicas, novidades e solu\u00e7\u00f5es pr\u00e1ticas sobre climatiza\u00e7\u00e3o, aquecimento, bombas pressurizadoras e mais!<\/p>\n","protected":false},"author":1,"featured_media":0,"parent":0,"menu_order":0,"comment_status":"closed","ping_status":"closed","template":"","meta":{"footnotes":""},"class_list":["post-24","page","type-page","status-publish","hentry"],"yoast_head":"<!-- This site is optimized with the Yoast SEO Premium plugin v23.2 (Yoast SEO v23.2) - https:\/\/yoast.com\/wordpress\/plugins\/seo\/ -->\n<title>Blog - Sonoar - Blog SonoAr<\/title>\n<meta name=\"robots\" content=\"index, follow, max-snippet:-1, max-image-preview:large, max-video-preview:-1\" \/>\n<link rel=\"canonical\" href=\"https:\/\/sonoar.com\/blog\/\" \/>\n<meta property=\"og:locale\" content=\"pt_BR\" \/>\n<meta property=\"og:type\" content=\"article\" \/>\n<meta property=\"og:title\" content=\"Blog - Sonoar\" \/>\n<meta property=\"og:description\" content=\"SonoAr: Blog Dicas, novidades e solu\u00e7\u00f5es pr\u00e1ticas sobre climatiza\u00e7\u00e3o, aquecimento, bombas pressurizadoras e mais!\" \/>\n<meta property=\"og:url\" content=\"https:\/\/sonoar.com\/blog\/\" \/>\n<meta property=\"og:site_name\" content=\"Blog SonoAr\" \/>\n<meta property=\"article:modified_time\" content=\"2024-10-31T14:36:35+00:00\" \/>\n<meta name=\"twitter:card\" content=\"summary_large_image\" \/>\n<meta name=\"twitter:label1\" content=\"Est. tempo de leitura\" \/>\n\t<meta name=\"twitter:data1\" content=\"2 minutos\" \/>\n<script type=\"application\/ld+json\" class=\"yoast-schema-graph\">{\"@context\":\"https:\/\/schema.org\",\"@graph\":[{\"@type\":\"WebPage\",\"@id\":\"https:\/\/sonoar.com\/blog\/\",\"url\":\"https:\/\/sonoar.com\/blog\/\",\"name\":\"Blog - Sonoar - Blog SonoAr\",\"isPartOf\":{\"@id\":\"https:\/\/sonoar.com\/blog\/#website\"},\"datePublished\":\"2024-10-10T00:29:52+00:00\",\"dateModified\":\"2024-10-31T14:36:35+00:00\",\"breadcrumb\":{\"@id\":\"https:\/\/sonoar.com\/blog\/#breadcrumb\"},\"inLanguage\":\"pt-BR\",\"potentialAction\":[{\"@type\":\"ReadAction\",\"target\":[\"https:\/\/sonoar.com\/blog\/\"]}]},{\"@type\":\"BreadcrumbList\",\"@id\":\"https:\/\/sonoar.com\/blog\/#breadcrumb\",\"itemListElement\":[{\"@type\":\"ListItem\",\"position\":1,\"name\":\"In\u00edcio\",\"item\":\"https:\/\/sonoar.com\/blog\/\"},{\"@type\":\"ListItem\",\"position\":2,\"name\":\"Blog &#8211; Sonoar\"}]},{\"@type\":\"WebSite\",\"@id\":\"https:\/\/sonoar.com\/blog\/#website\",\"url\":\"https:\/\/sonoar.com\/blog\/\",\"name\":\"Blog SonoAr\",\"description\":\"\",\"publisher\":{\"@id\":\"https:\/\/sonoar.com\/blog\/#organization\"},\"potentialAction\":[{\"@type\":\"SearchAction\",\"target\":{\"@type\":\"EntryPoint\",\"urlTemplate\":\"https:\/\/sonoar.com\/blog\/?s={search_term_string}\"},\"query-input\":\"required name=search_term_string\"}],\"inLanguage\":\"pt-BR\"},{\"@type\":\"Organization\",\"@id\":\"https:\/\/sonoar.com\/blog\/#organization\",\"name\":\"Blog SonoAr\",\"url\":\"https:\/\/sonoar.com\/blog\/\",\"logo\":{\"@type\":\"ImageObject\",\"inLanguage\":\"pt-BR\",\"@id\":\"https:\/\/sonoar.com\/blog\/#\/schema\/logo\/image\/\",\"url\":\"https:\/\/sonoar.com\/blog\/wp-content\/uploads\/2024\/10\/sonoar-logo.svg\",\"contentUrl\":\"https:\/\/sonoar.com\/blog\/wp-content\/uploads\/2024\/10\/sonoar-logo.svg\",\"width\":351,\"height\":144,\"caption\":\"Blog SonoAr\"},\"image\":{\"@id\":\"https:\/\/sonoar.com\/blog\/#\/schema\/logo\/image\/\"}}]}<\/script>\n<!-- \/ Yoast SEO Premium plugin. -->","yoast_head_json":{"title":"Blog - Sonoar - Blog SonoAr","robots":{"index":"index","follow":"follow","max-snippet":"max-snippet:-1","max-image-preview":"max-image-preview:large","max-video-preview":"max-video-preview:-1"},"canonical":"https:\/\/sonoar.com\/blog\/","og_locale":"pt_BR","og_type":"article","og_title":"Blog - Sonoar","og_description":"SonoAr: Blog Dicas, novidades e solu\u00e7\u00f5es pr\u00e1ticas sobre climatiza\u00e7\u00e3o, aquecimento, bombas pressurizadoras e mais!","og_url":"https:\/\/sonoar.com\/blog\/","og_site_name":"Blog SonoAr","article_modified_time":"2024-10-31T14:36:35+00:00","twitter_card":"summary_large_image","twitter_misc":{"Est. tempo de leitura":"2 minutos"},"schema":{"@context":"https:\/\/schema.org","@graph":[{"@type":"WebPage","@id":"https:\/\/sonoar.com\/blog\/","url":"https:\/\/sonoar.com\/blog\/","name":"Blog - Sonoar - Blog SonoAr","isPartOf":{"@id":"https:\/\/sonoar.com\/blog\/#website"},"datePublished":"2024-10-10T00:29:52+00:00","dateModified":"2024-10-31T14:36:35+00:00","breadcrumb":{"@id":"https:\/\/sonoar.com\/blog\/#breadcrumb"},"inLanguage":"pt-BR","potentialAction":[{"@type":"ReadAction","target":["https:\/\/sonoar.com\/blog\/"]}]},{"@type":"BreadcrumbList","@id":"https:\/\/sonoar.com\/blog\/#breadcrumb","itemListElement":[{"@type":"ListItem","position":1,"name":"In\u00edcio","item":"https:\/\/sonoar.com\/blog\/"},{"@type":"ListItem","position":2,"name":"Blog &#8211; Sonoar"}]},{"@type":"WebSite","@id":"https:\/\/sonoar.com\/blog\/#website","url":"https:\/\/sonoar.com\/blog\/","name":"Blog SonoAr","description":"","publisher":{"@id":"https:\/\/sonoar.com\/blog\/#organization"},"potentialAction":[{"@type":"SearchAction","target":{"@type":"EntryPoint","urlTemplate":"https:\/\/sonoar.com\/blog\/?s={search_term_string}"},"query-input":"required name=search_term_string"}],"inLanguage":"pt-BR"},{"@type":"Organization","@id":"https:\/\/sonoar.com\/blog\/#organization","name":"Blog SonoAr","url":"https:\/\/sonoar.com\/blog\/","logo":{"@type":"ImageObject","inLanguage":"pt-BR","@id":"https:\/\/sonoar.com\/blog\/#\/schema\/logo\/image\/","url":"https:\/\/sonoar.com\/blog\/wp-content\/uploads\/2024\/10\/sonoar-logo.svg","contentUrl":"https:\/\/sonoar.com\/blog\/wp-content\/uploads\/2024\/10\/sonoar-logo.svg","width":351,"height":144,"caption":"Blog SonoAr"},"image":{"@id":"https:\/\/sonoar.com\/blog\/#\/schema\/logo\/image\/"}}]}},"_links":{"self":[{"href":"https:\/\/sonoar.com\/blog\/wp-json\/wp\/v2\/pages\/24"}],"collection":[{"href":"https:\/\/sonoar.com\/blog\/wp-json\/wp\/v2\/pages"}],"about":[{"href":"https:\/\/sonoar.com\/blog\/wp-json\/wp\/v2\/types\/page"}],"author":[{"embeddable":true,"href":"https:\/\/sonoar.com\/blog\/wp-json\/wp\/v2\/users\/1"}],"replies":[{"embeddable":true,"href":"https:\/\/sonoar.com\/blog\/wp-json\/wp\/v2\/comments?post=24"}],"version-history":[{"count":13,"href":"https:\/\/sonoar.com\/blog\/wp-json\/wp\/v2\/pages\/24\/revisions"}],"predecessor-version":[{"id":77,"href":"https:\/\/sonoar.com\/blog\/wp-json\/wp\/v2\/pages\/24\/revisions\/77"}],"wp:attachment":[{"href":"https:\/\/sonoar.com\/blog\/wp-json\/wp\/v2\/media?parent=24"}],"curies":[{"name":"wp","href":"https:\/\/api.w.org\/{rel}","templated":true}]}}